{"id":84,"date":"2025-07-23T20:21:05","date_gmt":"2025-07-23T20:21:05","guid":{"rendered":"https:\/\/dev.agencianuvion.com.br\/diego\/?page_id=84"},"modified":"2025-08-18T18:25:40","modified_gmt":"2025-08-18T18:25:40","slug":"portfolio","status":"publish","type":"page","link":"https:\/\/diegoborges.org\/en\/portfolio\/","title":{"rendered":"Portfolio"},"content":{"rendered":"\t\t<div data-elementor-type=\"wp-page\" data-elementor-id=\"84\" class=\"elementor elementor-84\" data-elementor-post-type=\"page\">\n\t\t\t\t<div class=\"elementor-element elementor-element-5fa0deb e-flex e-con-boxed e-con e-parent\" data-id=\"5fa0deb\" data-element_type=\"container\" data-e-type=\"container\" data-settings=\"{&quot;background_background&quot;:&quot;classic&quot;,&quot;jet_parallax_layout_list&quot;:[]}\">\n\t\t\t\t\t<div class=\"e-con-inner\">\n\t\t<div class=\"elementor-element elementor-element-ee1539f e-con-full e-flex e-con e-child\" data-id=\"ee1539f\" data-element_type=\"container\" data-e-type=\"container\" data-settings=\"{&quot;jet_parallax_layout_list&quot;:[]}\">\n\t\t\t\t<div class=\"elementor-element elementor-element-609cc9a de_scroll_animation_no elementor-widget elementor-widget-heading\" data-id=\"609cc9a\" data-element_type=\"widget\" data-e-type=\"widget\" data-widget_type=\"heading.default\">\n\t\t\t\t\t<h1 class=\"elementor-heading-title elementor-size-default\">Portfolio\u200b<\/h1>\t\t\t\t<\/div>\n\t\t\t\t<div class=\"elementor-element elementor-element-52b08bc elementor-align-center de_scroll_animation_no elementor-widget elementor-widget-breadcrumbs\" data-id=\"52b08bc\" data-element_type=\"widget\" data-e-type=\"widget\" data-widget_type=\"breadcrumbs.default\">\n\t\t\t\t\t<p id=\"breadcrumbs\"><span><span><a href=\"https:\/\/diegoborges.org\/\">In\u00edcio<\/a><\/span><\/span><\/p>\t\t\t\t<\/div>\n\t\t\t\t<\/div>\n\t\t\t\t\t<\/div>\n\t\t\t\t<\/div>\n\t\t<div class=\"elementor-element elementor-element-d3bd2da e-flex e-con-boxed e-con e-parent\" data-id=\"d3bd2da\" data-element_type=\"container\" data-e-type=\"container\" data-settings=\"{&quot;jet_parallax_layout_list&quot;:[]}\">\n\t\t\t\t\t<div class=\"e-con-inner\">\n\t\t\t\t<div class=\"elementor-element elementor-element-c1f6b57 de_scroll_animation_no elementor-widget elementor-widget-heading\" data-id=\"c1f6b57\" data-element_type=\"widget\" data-e-type=\"widget\" data-widget_type=\"heading.default\">\n\t\t\t\t\t<h2 class=\"elementor-heading-title elementor-size-default\">Conhe\u00e7a mais do trabalho de Diego Borges<\/h2>\t\t\t\t<\/div>\n\t\t\t\t<div class=\"elementor-element elementor-element-773a943 elementor-widget-divider--view-line de_scroll_animation_no elementor-widget elementor-widget-divider\" data-id=\"773a943\" data-element_type=\"widget\" data-e-type=\"widget\" data-widget_type=\"divider.default\">\n\t\t\t\t\t\t\t<div class=\"elementor-divider\">\n\t\t\t<span class=\"elementor-divider-separator\">\n\t\t\t\t\t\t<\/span>\n\t\t<\/div>\n\t\t\t\t\t\t<\/div>\n\t\t\t\t\t<\/div>\n\t\t\t\t<\/div>\n\t\t\t\t<section class=\"elementor-section elementor-top-section elementor-element elementor-element-3d4c2000 animated-slow elementor-section-boxed elementor-section-height-default elementor-section-height-default elementor-invisible\" data-id=\"3d4c2000\" data-element_type=\"section\" data-e-type=\"section\" data-settings=\"{&quot;animation&quot;:&quot;fadeIn&quot;,&quot;animation_delay&quot;:200,&quot;jet_parallax_layout_list&quot;:[]}\">\n\t\t\t\t\t\t<div class=\"elementor-container elementor-column-gap-default\">\n\t\t\t\t\t<div class=\"elementor-column elementor-col-100 elementor-top-column elementor-element elementor-element-2cbc9588\" data-id=\"2cbc9588\" data-element_type=\"column\" data-e-type=\"column\">\n\t\t\t<div class=\"elementor-widget-wrap elementor-element-populated\">\n\t\t\t\t\t\t<div class=\"elementor-element elementor-element-2af4703 de_scroll_animation_no elementor-widget elementor-widget-jet-listing-grid\" data-id=\"2af4703\" data-element_type=\"widget\" data-e-type=\"widget\" data-settings=\"{&quot;columns&quot;:&quot;2&quot;}\" data-widget_type=\"jet-listing-grid.default\">\n\t\t\t\t\t<div class=\"jet-listing-grid jet-listing\"><div class=\"jet-listing-grid__items grid-col-desk-2 grid-col-tablet-2 grid-col-mobile-2 jet-listing-grid--576 jet-listing-grid__masonry\" data-masonry-grid-options=\"{&quot;columns&quot;:{&quot;desktop&quot;:2,&quot;tablet&quot;:2,&quot;mobile&quot;:2}}\" data-queried-id=\"84|WP_Post\" data-nav=\"{&quot;enabled&quot;:false,&quot;type&quot;:null,&quot;more_el&quot;:null,&quot;query&quot;:[],&quot;widget_settings&quot;:{&quot;lisitng_id&quot;:576,&quot;posts_num&quot;:6,&quot;columns&quot;:2,&quot;columns_tablet&quot;:2,&quot;columns_mobile&quot;:2,&quot;column_min_width&quot;:240,&quot;column_min_width_tablet&quot;:240,&quot;column_min_width_mobile&quot;:240,&quot;inline_columns_css&quot;:false,&quot;is_archive_template&quot;:&quot;&quot;,&quot;post_status&quot;:[&quot;publish&quot;],&quot;use_random_posts_num&quot;:&quot;&quot;,&quot;max_posts_num&quot;:9,&quot;not_found_message&quot;:&quot;No data was found&quot;,&quot;is_masonry&quot;:true,&quot;equal_columns_height&quot;:&quot;&quot;,&quot;use_load_more&quot;:&quot;&quot;,&quot;load_more_id&quot;:&quot;&quot;,&quot;load_more_type&quot;:&quot;click&quot;,&quot;load_more_offset&quot;:null,&quot;use_custom_post_types&quot;:&quot;&quot;,&quot;custom_post_types&quot;:[],&quot;hide_widget_if&quot;:&quot;&quot;,&quot;carousel_enabled&quot;:&quot;&quot;,&quot;slides_to_scroll&quot;:&quot;1&quot;,&quot;arrows&quot;:&quot;true&quot;,&quot;arrow_icon&quot;:&quot;fa fa-angle-left&quot;,&quot;dots&quot;:&quot;&quot;,&quot;autoplay&quot;:&quot;true&quot;,&quot;pause_on_hover&quot;:&quot;true&quot;,&quot;autoplay_speed&quot;:5000,&quot;infinite&quot;:&quot;true&quot;,&quot;center_mode&quot;:&quot;&quot;,&quot;effect&quot;:&quot;slide&quot;,&quot;speed&quot;:500,&quot;inject_alternative_items&quot;:&quot;&quot;,&quot;injection_items&quot;:[],&quot;scroll_slider_enabled&quot;:&quot;&quot;,&quot;scroll_slider_on&quot;:[&quot;desktop&quot;,&quot;tablet&quot;,&quot;mobile&quot;],&quot;custom_query&quot;:false,&quot;custom_query_id&quot;:&quot;&quot;,&quot;_element_id&quot;:&quot;&quot;,&quot;collapse_first_last_gap&quot;:false,&quot;list_tag_selection&quot;:&quot;&quot;,&quot;list_items_wrapper_tag&quot;:&quot;div&quot;,&quot;list_item_tag&quot;:&quot;div&quot;,&quot;empty_items_wrapper_tag&quot;:&quot;div&quot;}}\" data-page=\"1\" data-pages=\"1\" data-listing-source=\"posts\" data-listing-id=\"576\" data-query-id=\"\"><div class=\"jet-listing-grid__item jet-listing-dynamic-post-575\" data-post-id=\"575\"  >\t\t<div data-elementor-type=\"jet-listing-items\" data-elementor-id=\"576\" class=\"elementor elementor-576\" data-elementor-post-type=\"jet-engine\">\n\t\t\t\t<div class=\"elementor-element elementor-element-46b1375 e-flex e-con-boxed e-con e-parent\" data-id=\"46b1375\" data-element_type=\"container\" data-e-type=\"container\" data-settings=\"{&quot;jet_parallax_layout_list&quot;:[]}\">\n\t\t\t\t\t<div class=\"e-con-inner\">\n\t\t\t\t<div class=\"elementor-element elementor-element-607e482 de_scroll_animation_no elementor-widget elementor-widget-image\" data-id=\"607e482\" data-element_type=\"widget\" data-e-type=\"widget\" data-widget_type=\"image.default\">\n\t\t\t\t\t\t\t\t\t\t\t\t\t\t\t<img fetchpriority=\"high\" decoding=\"async\" width=\"684\" height=\"1024\" src=\"https:\/\/diegoborges.org\/wp-content\/uploads\/2025\/08\/what-is-left-of-us-684x1024.jpeg\" class=\"attachment-large size-large wp-image-574\" alt=\"\" srcset=\"https:\/\/diegoborges.org\/wp-content\/uploads\/2025\/08\/what-is-left-of-us-684x1024.jpeg 684w, https:\/\/diegoborges.org\/wp-content\/uploads\/2025\/08\/what-is-left-of-us-200x300.jpeg 200w, https:\/\/diegoborges.org\/wp-content\/uploads\/2025\/08\/what-is-left-of-us-768x1150.jpeg 768w, https:\/\/diegoborges.org\/wp-content\/uploads\/2025\/08\/what-is-left-of-us-1026x1536.jpeg 1026w, https:\/\/diegoborges.org\/wp-content\/uploads\/2025\/08\/what-is-left-of-us-1368x2048.jpeg 1368w, https:\/\/diegoborges.org\/wp-content\/uploads\/2025\/08\/what-is-left-of-us-scaled.jpeg 1710w\" sizes=\"(max-width: 684px) 100vw, 684px\" \/>\t\t\t\t\t\t\t\t\t\t\t\t\t\t\t<\/div>\n\t\t\t\t<div class=\"elementor-element elementor-element-c798d8d de_scroll_animation_no elementor-widget elementor-widget-heading\" data-id=\"c798d8d\" data-element_type=\"widget\" data-e-type=\"widget\" data-widget_type=\"heading.default\">\n\t\t\t\t\t<h3 class=\"elementor-heading-title elementor-size-default\">What is Left of Us<\/h3>\t\t\t\t<\/div>\n\t\t\t\t<div class=\"elementor-element elementor-element-a63db1f de_scroll_animation_no elementor-widget elementor-widget-heading\" data-id=\"a63db1f\" data-element_type=\"widget\" data-e-type=\"widget\" data-widget_type=\"heading.default\">\n\t\t\t\t\t<p class=\"elementor-heading-title elementor-size-default\">Um homem encontra-se na presen\u00e7a do Diabo, que o arrasta para o inferno onde outros partilham os seus tormentos. Um deles fala do p\u00eandulo vicioso da vergonha e do orgulho ferido, mas a sua voz \u00e9 silenciosa e sem sentido na sua \u00faltima hora.<\/p>\t\t\t\t<\/div>\n\t\t\t\t<div class=\"elementor-element elementor-element-95cca8c jedv-enabled--yes elementor-mobile-align-center de_scroll_animation_no elementor-widget elementor-widget-button\" data-id=\"95cca8c\" data-element_type=\"widget\" data-e-type=\"widget\" data-widget_type=\"button.default\">\n\t\t\t\t\t\t\t\t\t\t<a class=\"elementor-button elementor-button-link elementor-size-sm elementor-animation-float\" href=\"https:\/\/share.google\/XWJaAT7IVkBxkMDTe\" target=\"_blank\">\n\t\t\t\t\t\t<span class=\"elementor-button-content-wrapper\">\n\t\t\t\t\t\t\t\t\t<span class=\"elementor-button-text\">Mais informa\u00e7\u00f5es<\/span>\n\t\t\t\t\t<\/span>\n\t\t\t\t\t<\/a>\n\t\t\t\t\t\t\t\t<\/div>\n\t\t\t\t\t<\/div>\n\t\t\t\t<\/div>\n\t\t\t\t<\/div>\n\t\t<\/div><\/div><\/div>\t\t\t\t<\/div>\n\t\t\t\t\t<\/div>\n\t\t<\/div>\n\t\t\t\t\t<\/div>\n\t\t<\/section>\n\t\t\t\t<\/div>\n\t\t","protected":false},"excerpt":{"rendered":"<p>Portfolio\u200b Conhe\u00e7a mais do trabalho de Diego Borges<\/p>","protected":false},"author":1,"featured_media":0,"parent":0,"menu_order":0,"comment_status":"closed","ping_status":"closed","template":"","meta":{"footnotes":""},"class_list":["post-84","page","type-page","status-publish","hentry"],"yoast_head":"<!-- This site is optimized with the Yoast SEO plugin v27.4 - https:\/\/yoast.com\/product\/yoast-seo-wordpress\/ -->\n<title>Portf\u00f3lio - Diego Borges<\/title>\n<meta name=\"robots\" content=\"index, follow, max-snippet:-1, max-image-preview:large, max-video-preview:-1\" \/>\n<link rel=\"canonical\" href=\"https:\/\/diegoborges.org\/en\/portfolio\/\" \/>\n<meta property=\"og:locale\" content=\"en_US\" \/>\n<meta property=\"og:type\" content=\"article\" \/>\n<meta property=\"og:title\" content=\"Portf\u00f3lio - Diego Borges\" \/>\n<meta property=\"og:description\" content=\"Portfolio\u200b Conhe\u00e7a mais do trabalho de Diego Borges\" \/>\n<meta property=\"og:url\" content=\"https:\/\/diegoborges.org\/en\/portfolio\/\" \/>\n<meta property=\"og:site_name\" content=\"Diego Borges\" \/>\n<meta property=\"article:modified_time\" content=\"2025-08-18T18:25:40+00:00\" \/>\n<meta name=\"twitter:card\" content=\"summary_large_image\" \/>\n<meta name=\"twitter:label1\" content=\"Est. reading time\" \/>\n\t<meta name=\"twitter:data1\" content=\"1 minute\" \/>\n<script type=\"application\/ld+json\" class=\"yoast-schema-graph\">{\"@context\":\"https:\\\/\\\/schema.org\",\"@graph\":[{\"@type\":\"WebPage\",\"@id\":\"https:\\\/\\\/diegoborges.org\\\/portfolio\\\/\",\"url\":\"https:\\\/\\\/diegoborges.org\\\/portfolio\\\/\",\"name\":\"Portf\u00f3lio - Diego Borges\",\"isPartOf\":{\"@id\":\"https:\\\/\\\/diegoborges.org\\\/#website\"},\"datePublished\":\"2025-07-23T20:21:05+00:00\",\"dateModified\":\"2025-08-18T18:25:40+00:00\",\"breadcrumb\":{\"@id\":\"https:\\\/\\\/diegoborges.org\\\/portfolio\\\/#breadcrumb\"},\"inLanguage\":\"en-US\",\"potentialAction\":[{\"@type\":\"ReadAction\",\"target\":[\"https:\\\/\\\/diegoborges.org\\\/portfolio\\\/\"]}]},{\"@type\":\"BreadcrumbList\",\"@id\":\"https:\\\/\\\/diegoborges.org\\\/portfolio\\\/#breadcrumb\",\"itemListElement\":[{\"@type\":\"ListItem\",\"position\":1,\"name\":\"In\u00edcio\",\"item\":\"https:\\\/\\\/diegoborges.org\\\/\"},{\"@type\":\"ListItem\",\"position\":2,\"name\":\"Portf\u00f3lio\"}]},{\"@type\":\"WebSite\",\"@id\":\"https:\\\/\\\/diegoborges.org\\\/#website\",\"url\":\"https:\\\/\\\/diegoborges.org\\\/\",\"name\":\"Diego Borges\",\"description\":\"\",\"potentialAction\":[{\"@type\":\"SearchAction\",\"target\":{\"@type\":\"EntryPoint\",\"urlTemplate\":\"https:\\\/\\\/diegoborges.org\\\/?s={search_term_string}\"},\"query-input\":{\"@type\":\"PropertyValueSpecification\",\"valueRequired\":true,\"valueName\":\"search_term_string\"}}],\"inLanguage\":\"en-US\"}]}<\/script>\n<!-- \/ Yoast SEO plugin. -->","yoast_head_json":{"title":"Portf\u00f3lio - Diego Borges","robots":{"index":"index","follow":"follow","max-snippet":"max-snippet:-1","max-image-preview":"max-image-preview:large","max-video-preview":"max-video-preview:-1"},"canonical":"https:\/\/diegoborges.org\/en\/portfolio\/","og_locale":"en_US","og_type":"article","og_title":"Portf\u00f3lio - Diego Borges","og_description":"Portfolio\u200b Conhe\u00e7a mais do trabalho de Diego Borges","og_url":"https:\/\/diegoborges.org\/en\/portfolio\/","og_site_name":"Diego Borges","article_modified_time":"2025-08-18T18:25:40+00:00","twitter_card":"summary_large_image","twitter_misc":{"Est. reading time":"1 minute"},"schema":{"@context":"https:\/\/schema.org","@graph":[{"@type":"WebPage","@id":"https:\/\/diegoborges.org\/portfolio\/","url":"https:\/\/diegoborges.org\/portfolio\/","name":"Portf\u00f3lio - Diego Borges","isPartOf":{"@id":"https:\/\/diegoborges.org\/#website"},"datePublished":"2025-07-23T20:21:05+00:00","dateModified":"2025-08-18T18:25:40+00:00","breadcrumb":{"@id":"https:\/\/diegoborges.org\/portfolio\/#breadcrumb"},"inLanguage":"en-US","potentialAction":[{"@type":"ReadAction","target":["https:\/\/diegoborges.org\/portfolio\/"]}]},{"@type":"BreadcrumbList","@id":"https:\/\/diegoborges.org\/portfolio\/#breadcrumb","itemListElement":[{"@type":"ListItem","position":1,"name":"In\u00edcio","item":"https:\/\/diegoborges.org\/"},{"@type":"ListItem","position":2,"name":"Portf\u00f3lio"}]},{"@type":"WebSite","@id":"https:\/\/diegoborges.org\/#website","url":"https:\/\/diegoborges.org\/","name":"Diego Borges","description":"","potentialAction":[{"@type":"SearchAction","target":{"@type":"EntryPoint","urlTemplate":"https:\/\/diegoborges.org\/?s={search_term_string}"},"query-input":{"@type":"PropertyValueSpecification","valueRequired":true,"valueName":"search_term_string"}}],"inLanguage":"en-US"}]}},"_links":{"self":[{"href":"https:\/\/diegoborges.org\/en\/wp-json\/wp\/v2\/pages\/84","targetHints":{"allow":["GET"]}}],"collection":[{"href":"https:\/\/diegoborges.org\/en\/wp-json\/wp\/v2\/pages"}],"about":[{"href":"https:\/\/diegoborges.org\/en\/wp-json\/wp\/v2\/types\/page"}],"author":[{"embeddable":true,"href":"https:\/\/diegoborges.org\/en\/wp-json\/wp\/v2\/users\/1"}],"replies":[{"embeddable":true,"href":"https:\/\/diegoborges.org\/en\/wp-json\/wp\/v2\/comments?post=84"}],"version-history":[{"count":37,"href":"https:\/\/diegoborges.org\/en\/wp-json\/wp\/v2\/pages\/84\/revisions"}],"predecessor-version":[{"id":583,"href":"https:\/\/diegoborges.org\/en\/wp-json\/wp\/v2\/pages\/84\/revisions\/583"}],"wp:attachment":[{"href":"https:\/\/diegoborges.org\/en\/wp-json\/wp\/v2\/media?parent=84"}],"curies":[{"name":"wp","href":"https:\/\/api.w.org\/{rel}","templated":true}]}}