{"id":82,"date":"2025-07-23T20:20:30","date_gmt":"2025-07-23T20:20:30","guid":{"rendered":"https:\/\/dev.agencianuvion.com.br\/diego\/?page_id=82"},"modified":"2025-12-12T19:22:18","modified_gmt":"2025-12-12T19:22:18","slug":"sobre","status":"publish","type":"page","link":"https:\/\/diegoborges.org\/en\/sobre\/","title":{"rendered":"About"},"content":{"rendered":"<div data-elementor-type=\"wp-page\" data-elementor-id=\"82\" class=\"elementor elementor-82\" data-elementor-post-type=\"page\">\n\t\t\t\t<div class=\"elementor-element elementor-element-1c9ac32 e-flex e-con-boxed e-con e-parent\" data-id=\"1c9ac32\" data-element_type=\"container\" data-e-type=\"container\" data-settings=\"{&quot;background_background&quot;:&quot;classic&quot;,&quot;jet_parallax_layout_list&quot;:[]}\">\n\t\t\t\t\t<div class=\"e-con-inner\">\n\t\t<div class=\"elementor-element elementor-element-439c1d4 e-con-full e-flex e-con e-child\" data-id=\"439c1d4\" data-element_type=\"container\" data-e-type=\"container\" data-settings=\"{&quot;jet_parallax_layout_list&quot;:[]}\">\n\t\t\t\t<div class=\"elementor-element elementor-element-9733a59 de_scroll_animation_no elementor-widget elementor-widget-heading\" data-id=\"9733a59\" data-element_type=\"widget\" data-e-type=\"widget\" data-widget_type=\"heading.default\">\n\t\t\t\t\t<h1 class=\"elementor-heading-title elementor-size-default\">About Diego Borges<\/h1>\t\t\t\t<\/div>\n\t\t\t\t<div class=\"elementor-element elementor-element-017e45a elementor-align-center de_scroll_animation_no elementor-widget elementor-widget-breadcrumbs\" data-id=\"017e45a\" data-element_type=\"widget\" data-e-type=\"widget\" data-widget_type=\"breadcrumbs.default\">\n\t\t\t\t\t<p id=\"breadcrumbs\"><span><span><a href=\"https:\/\/diegoborges.org\/en\/\">Home<\/a><\/span><\/span><\/p>\t\t\t\t<\/div>\n\t\t\t\t<\/div>\n\t\t\t\t\t<\/div>\n\t\t\t\t<\/div>\n\t\t<div class=\"elementor-element elementor-element-7ab1cd4 e-flex e-con-boxed e-con e-parent\" data-id=\"7ab1cd4\" data-element_type=\"container\" data-e-type=\"container\" data-settings=\"{&quot;background_background&quot;:&quot;classic&quot;,&quot;jet_parallax_layout_list&quot;:[]}\">\n\t\t\t\t\t<div class=\"e-con-inner\">\n\t\t<div class=\"elementor-element elementor-element-ab96c9a e-con-full e-flex e-con e-child\" data-id=\"ab96c9a\" data-element_type=\"container\" data-e-type=\"container\" data-settings=\"{&quot;jet_parallax_layout_list&quot;:[]}\">\n\t\t<div class=\"elementor-element elementor-element-6ad5677 e-con-full e-flex elementor-invisible e-con e-child\" data-id=\"6ad5677\" data-element_type=\"container\" data-e-type=\"container\" data-settings=\"{&quot;animation&quot;:&quot;fadeInLeft&quot;,&quot;jet_parallax_layout_list&quot;:[]}\">\n\t\t\t\t<div class=\"elementor-element elementor-element-c781a60 elementor-widget__width-initial elementor-widget-divider--view-line de_scroll_animation_no elementor-widget elementor-widget-divider\" data-id=\"c781a60\" data-element_type=\"widget\" data-e-type=\"widget\" data-widget_type=\"divider.default\">\n\t\t\t\t\t\t\t<div class=\"elementor-divider\">\n\t\t\t<span class=\"elementor-divider-separator\">\n\t\t\t\t\t\t<\/span>\n\t\t<\/div>\n\t\t\t\t\t\t<\/div>\n\t\t\t\t<div class=\"elementor-element elementor-element-a6fb381 de_scroll_animation_no elementor-widget elementor-widget-text-editor\" data-id=\"a6fb381\" data-element_type=\"widget\" data-e-type=\"widget\" data-widget_type=\"text-editor.default\">\n\t\t\t\t\t\t\t\t\t<p>Diego Borges<\/p>\t\t\t\t\t\t\t\t<\/div>\n\t\t\t\t<\/div>\n\t\t\t\t<div class=\"elementor-element elementor-element-ae73ed9 de_scroll_animation_no elementor-invisible elementor-widget elementor-widget-heading\" data-id=\"ae73ed9\" data-element_type=\"widget\" data-e-type=\"widget\" data-settings=\"{&quot;_animation&quot;:&quot;fadeIn&quot;,&quot;_animation_delay&quot;:200}\" data-widget_type=\"heading.default\">\n\t\t\t\t\t<h2 class=\"elementor-heading-title elementor-size-default\">Writer. Film-maker. Playwright.\n<\/h2>\t\t\t\t<\/div>\n\t\t\t\t<div class=\"elementor-element elementor-element-8655791 de_scroll_animation_no elementor-widget elementor-widget-text-editor\" data-id=\"8655791\" data-element_type=\"widget\" data-e-type=\"widget\" data-widget_type=\"text-editor.default\">\n\t\t\t\t\t\t\t\t\t<p>Diego Borges is a writer and filmmaker. His portfolio includes books, films and plays.<\/p>\t\t\t\t\t\t\t\t<\/div>\n\t\t\t\t<\/div>\n\t\t<div class=\"elementor-element elementor-element-3b48682 e-con-full e-flex e-con e-child\" data-id=\"3b48682\" data-element_type=\"container\" data-e-type=\"container\" data-settings=\"{&quot;background_background&quot;:&quot;gradient&quot;,&quot;jet_parallax_layout_list&quot;:[]}\">\n\t\t\t\t<div class=\"elementor-element elementor-element-b6c02c1 de_scroll_animation_no elementor-invisible elementor-widget elementor-widget-image\" data-id=\"b6c02c1\" data-element_type=\"widget\" data-e-type=\"widget\" data-settings=\"{&quot;_animation&quot;:&quot;fadeIn&quot;,&quot;_animation_delay&quot;:400}\" data-widget_type=\"image.default\">\n\t\t\t\t\t\t\t\t\t\t\t\t\t\t\t<img fetchpriority=\"high\" decoding=\"async\" width=\"680\" height=\"711\" src=\"https:\/\/diegoborges.org\/wp-content\/uploads\/2025\/07\/diego.png\" class=\"attachment-full size-full wp-image-150\" alt=\"\" srcset=\"https:\/\/diegoborges.org\/wp-content\/uploads\/2025\/07\/diego.png 680w, https:\/\/diegoborges.org\/wp-content\/uploads\/2025\/07\/diego-287x300.png 287w\" sizes=\"(max-width: 680px) 100vw, 680px\" \/>\t\t\t\t\t\t\t\t\t\t\t\t\t\t\t<\/div>\n\t\t\t\t<\/div>\n\t\t\t\t\t<\/div>\n\t\t\t\t<\/div>\n\t\t\t\t<\/div>","protected":false},"excerpt":{"rendered":"<p>Sobre Diego Borges Diego Borges Escritor. Cineasta. Dramaturgo. Diego Borges \u00e9 escritor e cineasta. Seu portf\u00f3lio inclui livros, filmes e pe\u00e7as teatrais de sua autoria.<\/p>","protected":false},"author":1,"featured_media":0,"parent":0,"menu_order":0,"comment_status":"closed","ping_status":"closed","template":"","meta":{"footnotes":""},"class_list":["post-82","page","type-page","status-publish","hentry"],"yoast_head":"<!-- This site is optimized with the Yoast SEO plugin v27.4 - https:\/\/yoast.com\/product\/yoast-seo-wordpress\/ -->\n<title>Sobre - Diego Borges<\/title>\n<meta name=\"robots\" content=\"index, follow, max-snippet:-1, max-image-preview:large, max-video-preview:-1\" \/>\n<link rel=\"canonical\" href=\"https:\/\/diegoborges.org\/en\/sobre\/\" \/>\n<meta property=\"og:locale\" content=\"en_US\" \/>\n<meta property=\"og:type\" content=\"article\" \/>\n<meta property=\"og:title\" content=\"Sobre - Diego Borges\" \/>\n<meta property=\"og:description\" content=\"Sobre Diego Borges Diego Borges Escritor. Cineasta. Dramaturgo. Diego Borges \u00e9 escritor e cineasta. Seu portf\u00f3lio inclui livros, filmes e pe\u00e7as teatrais de sua autoria.\" \/>\n<meta property=\"og:url\" content=\"https:\/\/diegoborges.org\/en\/sobre\/\" \/>\n<meta property=\"og:site_name\" content=\"Diego Borges\" \/>\n<meta property=\"article:modified_time\" content=\"2025-12-12T19:22:18+00:00\" \/>\n<meta property=\"og:image\" content=\"https:\/\/diegoborges.org\/wp-content\/uploads\/2025\/07\/diego.png\" \/>\n\t<meta property=\"og:image:width\" content=\"680\" \/>\n\t<meta property=\"og:image:height\" content=\"711\" \/>\n\t<meta property=\"og:image:type\" content=\"image\/png\" \/>\n<meta name=\"twitter:card\" content=\"summary_large_image\" \/>\n<meta name=\"twitter:label1\" content=\"Est. reading time\" \/>\n\t<meta name=\"twitter:data1\" content=\"1 minute\" \/>\n<script type=\"application\/ld+json\" class=\"yoast-schema-graph\">{\"@context\":\"https:\\\/\\\/schema.org\",\"@graph\":[{\"@type\":\"WebPage\",\"@id\":\"https:\\\/\\\/diegoborges.org\\\/sobre\\\/\",\"url\":\"https:\\\/\\\/diegoborges.org\\\/sobre\\\/\",\"name\":\"Sobre - Diego Borges\",\"isPartOf\":{\"@id\":\"https:\\\/\\\/diegoborges.org\\\/#website\"},\"primaryImageOfPage\":{\"@id\":\"https:\\\/\\\/diegoborges.org\\\/sobre\\\/#primaryimage\"},\"image\":{\"@id\":\"https:\\\/\\\/diegoborges.org\\\/sobre\\\/#primaryimage\"},\"thumbnailUrl\":\"https:\\\/\\\/diegoborges.org\\\/wp-content\\\/uploads\\\/2025\\\/07\\\/diego.png\",\"datePublished\":\"2025-07-23T20:20:30+00:00\",\"dateModified\":\"2025-12-12T19:22:18+00:00\",\"breadcrumb\":{\"@id\":\"https:\\\/\\\/diegoborges.org\\\/sobre\\\/#breadcrumb\"},\"inLanguage\":\"en-US\",\"potentialAction\":[{\"@type\":\"ReadAction\",\"target\":[\"https:\\\/\\\/diegoborges.org\\\/sobre\\\/\"]}]},{\"@type\":\"ImageObject\",\"inLanguage\":\"en-US\",\"@id\":\"https:\\\/\\\/diegoborges.org\\\/sobre\\\/#primaryimage\",\"url\":\"https:\\\/\\\/diegoborges.org\\\/wp-content\\\/uploads\\\/2025\\\/07\\\/diego.png\",\"contentUrl\":\"https:\\\/\\\/diegoborges.org\\\/wp-content\\\/uploads\\\/2025\\\/07\\\/diego.png\"},{\"@type\":\"BreadcrumbList\",\"@id\":\"https:\\\/\\\/diegoborges.org\\\/sobre\\\/#breadcrumb\",\"itemListElement\":[{\"@type\":\"ListItem\",\"position\":1,\"name\":\"In\u00edcio\",\"item\":\"https:\\\/\\\/diegoborges.org\\\/\"},{\"@type\":\"ListItem\",\"position\":2,\"name\":\"Sobre\"}]},{\"@type\":\"WebSite\",\"@id\":\"https:\\\/\\\/diegoborges.org\\\/#website\",\"url\":\"https:\\\/\\\/diegoborges.org\\\/\",\"name\":\"Diego Borges\",\"description\":\"\",\"potentialAction\":[{\"@type\":\"SearchAction\",\"target\":{\"@type\":\"EntryPoint\",\"urlTemplate\":\"https:\\\/\\\/diegoborges.org\\\/?s={search_term_string}\"},\"query-input\":{\"@type\":\"PropertyValueSpecification\",\"valueRequired\":true,\"valueName\":\"search_term_string\"}}],\"inLanguage\":\"en-US\"}]}<\/script>\n<!-- \/ Yoast SEO plugin. -->","yoast_head_json":{"title":"Sobre - Diego Borges","robots":{"index":"index","follow":"follow","max-snippet":"max-snippet:-1","max-image-preview":"max-image-preview:large","max-video-preview":"max-video-preview:-1"},"canonical":"https:\/\/diegoborges.org\/en\/sobre\/","og_locale":"en_US","og_type":"article","og_title":"Sobre - Diego Borges","og_description":"Sobre Diego Borges Diego Borges Escritor. Cineasta. Dramaturgo. Diego Borges \u00e9 escritor e cineasta. Seu portf\u00f3lio inclui livros, filmes e pe\u00e7as teatrais de sua autoria.","og_url":"https:\/\/diegoborges.org\/en\/sobre\/","og_site_name":"Diego Borges","article_modified_time":"2025-12-12T19:22:18+00:00","og_image":[{"width":680,"height":711,"url":"https:\/\/diegoborges.org\/wp-content\/uploads\/2025\/07\/diego.png","type":"image\/png"}],"twitter_card":"summary_large_image","twitter_misc":{"Est. reading time":"1 minute"},"schema":{"@context":"https:\/\/schema.org","@graph":[{"@type":"WebPage","@id":"https:\/\/diegoborges.org\/sobre\/","url":"https:\/\/diegoborges.org\/sobre\/","name":"Sobre - Diego Borges","isPartOf":{"@id":"https:\/\/diegoborges.org\/#website"},"primaryImageOfPage":{"@id":"https:\/\/diegoborges.org\/sobre\/#primaryimage"},"image":{"@id":"https:\/\/diegoborges.org\/sobre\/#primaryimage"},"thumbnailUrl":"https:\/\/diegoborges.org\/wp-content\/uploads\/2025\/07\/diego.png","datePublished":"2025-07-23T20:20:30+00:00","dateModified":"2025-12-12T19:22:18+00:00","breadcrumb":{"@id":"https:\/\/diegoborges.org\/sobre\/#breadcrumb"},"inLanguage":"en-US","potentialAction":[{"@type":"ReadAction","target":["https:\/\/diegoborges.org\/sobre\/"]}]},{"@type":"ImageObject","inLanguage":"en-US","@id":"https:\/\/diegoborges.org\/sobre\/#primaryimage","url":"https:\/\/diegoborges.org\/wp-content\/uploads\/2025\/07\/diego.png","contentUrl":"https:\/\/diegoborges.org\/wp-content\/uploads\/2025\/07\/diego.png"},{"@type":"BreadcrumbList","@id":"https:\/\/diegoborges.org\/sobre\/#breadcrumb","itemListElement":[{"@type":"ListItem","position":1,"name":"In\u00edcio","item":"https:\/\/diegoborges.org\/"},{"@type":"ListItem","position":2,"name":"Sobre"}]},{"@type":"WebSite","@id":"https:\/\/diegoborges.org\/#website","url":"https:\/\/diegoborges.org\/","name":"Diego Borges","description":"","potentialAction":[{"@type":"SearchAction","target":{"@type":"EntryPoint","urlTemplate":"https:\/\/diegoborges.org\/?s={search_term_string}"},"query-input":{"@type":"PropertyValueSpecification","valueRequired":true,"valueName":"search_term_string"}}],"inLanguage":"en-US"}]}},"_links":{"self":[{"href":"https:\/\/diegoborges.org\/en\/wp-json\/wp\/v2\/pages\/82","targetHints":{"allow":["GET"]}}],"collection":[{"href":"https:\/\/diegoborges.org\/en\/wp-json\/wp\/v2\/pages"}],"about":[{"href":"https:\/\/diegoborges.org\/en\/wp-json\/wp\/v2\/types\/page"}],"author":[{"embeddable":true,"href":"https:\/\/diegoborges.org\/en\/wp-json\/wp\/v2\/users\/1"}],"replies":[{"embeddable":true,"href":"https:\/\/diegoborges.org\/en\/wp-json\/wp\/v2\/comments?post=82"}],"version-history":[{"count":46,"href":"https:\/\/diegoborges.org\/en\/wp-json\/wp\/v2\/pages\/82\/revisions"}],"predecessor-version":[{"id":776,"href":"https:\/\/diegoborges.org\/en\/wp-json\/wp\/v2\/pages\/82\/revisions\/776"}],"wp:attachment":[{"href":"https:\/\/diegoborges.org\/en\/wp-json\/wp\/v2\/media?parent=82"}],"curies":[{"name":"wp","href":"https:\/\/api.w.org\/{rel}","templated":true}]}}