{"id":79,"date":"2025-07-23T20:20:19","date_gmt":"2025-07-23T20:20:19","guid":{"rendered":"https:\/\/dev.agencianuvion.com.br\/diego\/?page_id=79"},"modified":"2026-01-24T20:07:35","modified_gmt":"2026-01-24T20:07:35","slug":"home","status":"publish","type":"page","link":"https:\/\/diegoborges.org\/en\/","title":{"rendered":"Home"},"content":{"rendered":"<div data-elementor-type=\"wp-page\" data-elementor-id=\"79\" class=\"elementor elementor-79\" data-elementor-post-type=\"page\">\n\t\t\t\t<div class=\"elementor-element elementor-element-f70bcc8 e-con-full e-flex e-con e-parent\" data-id=\"f70bcc8\" data-element_type=\"container\" data-e-type=\"container\" data-settings=\"{&quot;background_background&quot;:&quot;classic&quot;,&quot;jet_parallax_layout_list&quot;:[]}\">\n\t\t<div class=\"elementor-element elementor-element-c2e4ad0 elementor-hidden-tablet elementor-hidden-phone e-con-full e-flex e-con e-child\" data-id=\"c2e4ad0\" data-element_type=\"container\" data-e-type=\"container\" data-settings=\"{&quot;background_background&quot;:&quot;classic&quot;,&quot;jet_parallax_layout_list&quot;:[]}\">\n\t\t\t\t<div class=\"elementor-element elementor-element-f9b7319 de_scroll_animation_no elementor-widget elementor-widget-spacer\" data-id=\"f9b7319\" data-element_type=\"widget\" data-e-type=\"widget\" data-widget_type=\"spacer.default\">\n\t\t\t\t\t\t\t<div class=\"elementor-spacer\">\n\t\t\t<div class=\"elementor-spacer-inner\"><\/div>\n\t\t<\/div>\n\t\t\t\t\t\t<\/div>\n\t\t\t\t<\/div>\n\t\t<div class=\"elementor-element elementor-element-270c3c3 e-con-full e-flex e-con e-child\" data-id=\"270c3c3\" data-element_type=\"container\" data-e-type=\"container\" data-settings=\"{&quot;background_background&quot;:&quot;classic&quot;,&quot;jet_parallax_layout_list&quot;:[]}\">\n\t\t<div class=\"elementor-element elementor-element-182f2f8 e-con-full elementor-hidden-tablet elementor-hidden-mobile e-flex elementor-invisible e-con e-child\" data-id=\"182f2f8\" data-element_type=\"container\" data-e-type=\"container\" data-settings=\"{&quot;animation&quot;:&quot;fadeInRight&quot;,&quot;jet_parallax_layout_list&quot;:[]}\">\n\t\t\t\t<div class=\"elementor-element elementor-element-34a44b3 de_scroll_animation_no elementor-widget elementor-widget-text-editor\" data-id=\"34a44b3\" data-element_type=\"widget\" data-e-type=\"widget\" data-widget_type=\"text-editor.default\">\n\t\t\t\t\t\t\t\t\tDiego Borges\t\t\t\t\t\t\t\t<\/div>\n\t\t\t\t<div class=\"elementor-element elementor-element-9888a23 elementor-widget-divider--view-line de_scroll_animation_no elementor-widget elementor-widget-divider\" data-id=\"9888a23\" data-element_type=\"widget\" data-e-type=\"widget\" data-widget_type=\"divider.default\">\n\t\t\t\t\t\t\t<div class=\"elementor-divider\">\n\t\t\t<span class=\"elementor-divider-separator\">\n\t\t\t\t\t\t<\/span>\n\t\t<\/div>\n\t\t\t\t\t\t<\/div>\n\t\t\t\t<\/div>\n\t\t<div class=\"elementor-element elementor-element-94a6dad e-con-full e-flex e-con e-child\" data-id=\"94a6dad\" data-element_type=\"container\" data-e-type=\"container\" data-settings=\"{&quot;jet_parallax_layout_list&quot;:[]}\">\n\t\t\t\t<div class=\"elementor-element elementor-element-963e70c de_scroll_animation_no elementor-widget elementor-widget-heading\" data-id=\"963e70c\" data-element_type=\"widget\" data-e-type=\"widget\" data-widget_type=\"heading.default\">\n\t\t\t\t\t<h1 class=\"elementor-heading-title elementor-size-default\">Tragedy<br>Confrontation<br>Redemption<\/h1>\t\t\t\t<\/div>\n\t\t\t\t<div class=\"elementor-element elementor-element-48802c9 de_scroll_animation_no elementor-widget elementor-widget-text-editor\" data-id=\"48802c9\" data-element_type=\"widget\" data-e-type=\"widget\" data-widget_type=\"text-editor.default\">\n\t\t\t\t\t\t\t\t\t<p>\u201cA word of truth, despite the pretense, the fleeting fervor, the continuous distraction.\u201d<\/p>\t\t\t\t\t\t\t\t<\/div>\n\t\t\t\t<\/div>\n\t\t\t\t<\/div>\n\t\t\t\t<\/div>\n\t\t<div class=\"elementor-element elementor-element-9ea7aa2 e-flex e-con-boxed e-con e-parent\" data-id=\"9ea7aa2\" data-element_type=\"container\" data-e-type=\"container\" data-settings=\"{&quot;background_background&quot;:&quot;classic&quot;,&quot;jet_parallax_layout_list&quot;:[]}\">\n\t\t\t\t\t<div class=\"e-con-inner\">\n\t\t<div class=\"elementor-element elementor-element-15eedc8 e-con-full e-flex e-con e-child\" data-id=\"15eedc8\" data-element_type=\"container\" data-e-type=\"container\" data-settings=\"{&quot;jet_parallax_layout_list&quot;:[]}\">\n\t\t<div class=\"elementor-element elementor-element-c21c7c9 e-con-full e-flex elementor-invisible e-con e-child\" data-id=\"c21c7c9\" data-element_type=\"container\" data-e-type=\"container\" data-settings=\"{&quot;animation&quot;:&quot;fadeInLeft&quot;,&quot;jet_parallax_layout_list&quot;:[]}\">\n\t\t\t\t<div class=\"elementor-element elementor-element-e0a465a elementor-widget__width-initial elementor-widget-divider--view-line de_scroll_animation_no elementor-widget elementor-widget-divider\" data-id=\"e0a465a\" data-element_type=\"widget\" data-e-type=\"widget\" data-widget_type=\"divider.default\">\n\t\t\t\t\t\t\t<div class=\"elementor-divider\">\n\t\t\t<span class=\"elementor-divider-separator\">\n\t\t\t\t\t\t<\/span>\n\t\t<\/div>\n\t\t\t\t\t\t<\/div>\n\t\t\t\t<div class=\"elementor-element elementor-element-0f62c63 de_scroll_animation_no elementor-widget elementor-widget-text-editor\" data-id=\"0f62c63\" data-element_type=\"widget\" data-e-type=\"widget\" data-widget_type=\"text-editor.default\">\n\t\t\t\t\t\t\t\t\t<p>Diego Borges<\/p>\t\t\t\t\t\t\t\t<\/div>\n\t\t\t\t<\/div>\n\t\t\t\t<div class=\"elementor-element elementor-element-8fd4bf3 de_scroll_animation_no elementor-invisible elementor-widget elementor-widget-heading\" data-id=\"8fd4bf3\" data-element_type=\"widget\" data-e-type=\"widget\" data-settings=\"{&quot;_animation&quot;:&quot;fadeIn&quot;,&quot;_animation_delay&quot;:200}\" data-widget_type=\"heading.default\">\n\t\t\t\t\t<h2 class=\"elementor-heading-title elementor-size-default\">Writer. Film-maker. Playwright.\n<br><\/h2>\t\t\t\t<\/div>\n\t\t\t\t<div class=\"elementor-element elementor-element-e38a6bf de_scroll_animation_no elementor-widget elementor-widget-text-editor\" data-id=\"e38a6bf\" data-element_type=\"widget\" data-e-type=\"widget\" data-widget_type=\"text-editor.default\">\n\t\t\t\t\t\t\t\t\t<p>Diego Borges is a writer and filmmaker. His portfolio includes books, films and plays.<\/p>\t\t\t\t\t\t\t\t<\/div>\n\t\t\t\t<\/div>\n\t\t\t\t<div class=\"elementor-element elementor-element-e014f78 elementor-widget__width-initial de_scroll_animation_no elementor-invisible elementor-widget elementor-widget-image\" data-id=\"e014f78\" data-element_type=\"widget\" data-e-type=\"widget\" data-settings=\"{&quot;_animation&quot;:&quot;fadeIn&quot;,&quot;_animation_delay&quot;:400}\" data-widget_type=\"image.default\">\n\t\t\t\t\t\t\t\t\t\t\t\t\t\t\t<img fetchpriority=\"high\" decoding=\"async\" width=\"680\" height=\"711\" src=\"https:\/\/diegoborges.org\/wp-content\/uploads\/2025\/07\/diego.png\" class=\"attachment-full size-full wp-image-150\" alt=\"\" srcset=\"https:\/\/diegoborges.org\/wp-content\/uploads\/2025\/07\/diego.png 680w, https:\/\/diegoborges.org\/wp-content\/uploads\/2025\/07\/diego-287x300.png 287w\" sizes=\"(max-width: 680px) 100vw, 680px\" \/>\t\t\t\t\t\t\t\t\t\t\t\t\t\t\t<\/div>\n\t\t\t\t\t<\/div>\n\t\t\t\t<\/div>\n\t\t<div class=\"elementor-element elementor-element-707789d e-flex e-con-boxed e-con e-parent\" data-id=\"707789d\" data-element_type=\"container\" data-e-type=\"container\" data-settings=\"{&quot;jet_parallax_layout_list&quot;:[]}\">\n\t\t\t\t\t<div class=\"e-con-inner\">\n\t\t<div class=\"elementor-element elementor-element-0027f5b e-con-full e-flex e-con e-child\" data-id=\"0027f5b\" data-element_type=\"container\" data-e-type=\"container\" data-settings=\"{&quot;jet_parallax_layout_list&quot;:[]}\">\n\t\t\t\t<div class=\"elementor-element elementor-element-627bac2 de_scroll_animation_no elementor-widget elementor-widget-heading\" data-id=\"627bac2\" data-element_type=\"widget\" data-e-type=\"widget\" data-widget_type=\"heading.default\">\n\t\t\t\t\t<h1 class=\"elementor-heading-title elementor-size-default\">Premiere!<\/h1>\t\t\t\t<\/div>\n\t\t\t\t<div class=\"elementor-element elementor-element-4fe248c de_scroll_animation_no elementor-widget elementor-widget-heading\" data-id=\"4fe248c\" data-element_type=\"widget\" data-e-type=\"widget\" data-widget_type=\"heading.default\">\n\t\t\t\t\t<h1 class=\"elementor-heading-title elementor-size-default\">WHAT IS LEFT OF US<\/h1>\t\t\t\t<\/div>\n\t\t\t\t<div class=\"elementor-element elementor-element-8d819ce elementor-widget-divider--view-line_text elementor-widget-divider--element-align-right de_scroll_animation_no elementor-widget elementor-widget-divider\" data-id=\"8d819ce\" data-element_type=\"widget\" data-e-type=\"widget\" data-widget_type=\"divider.default\">\n\t\t\t\t\t\t\t<div class=\"elementor-divider\">\n\t\t\t<span class=\"elementor-divider-separator\">\n\t\t\t\t\t\t\t<span class=\"elementor-divider__text elementor-divider__element\">\n\t\t\t\tDetails\t\t\t\t<\/span>\n\t\t\t\t\t\t<\/span>\n\t\t<\/div>\n\t\t\t\t\t\t<\/div>\n\t\t\t\t<div class=\"elementor-element elementor-element-0aaf7ef de_scroll_animation_no elementor-widget elementor-widget-text-editor\" data-id=\"0aaf7ef\" data-element_type=\"widget\" data-e-type=\"widget\" data-widget_type=\"text-editor.default\">\n\t\t\t\t\t\t\t\t\t<div class=\"elementor-element elementor-element-fb76c56 de_scroll_animation_no elementor-widget elementor-widget-text-editor\" data-id=\"fb76c56\" data-element_type=\"widget\" data-widget_type=\"text-editor.default\"><p>A man finds himself before the Devil, who drags him to hell, where others share his torments. Trapped in a vicious cycle of shame and wounded pride, they find themselves devoid of meaning as the final hour approaches.<\/p><p>The film is based on inventions by Chekhov, Shakespeare, and Dostoevsky, organized in an unconventional and fragmented structure, the core of which is an enigmatic poem by Diego Borges.<\/p><\/div>\t\t\t\t\t\t\t\t<\/div>\n\t\t\t\t<div class=\"elementor-element elementor-element-26ebed4 de_scroll_animation_no elementor-widget elementor-widget-button\" data-id=\"26ebed4\" data-element_type=\"widget\" data-e-type=\"widget\" data-widget_type=\"button.default\">\n\t\t\t\t\t\t\t\t\t\t<a class=\"elementor-button elementor-button-link elementor-size-sm\" href=\"https:\/\/diegoborges.org\/en\/produtos\/what-is-left-of-us\/\">\n\t\t\t\t\t\t<span class=\"elementor-button-content-wrapper\">\n\t\t\t\t\t\t\t\t\t<span class=\"elementor-button-text\">Learn more!<\/span>\n\t\t\t\t\t<\/span>\n\t\t\t\t\t<\/a>\n\t\t\t\t\t\t\t\t<\/div>\n\t\t\t\t<\/div>\n\t\t<div class=\"elementor-element elementor-element-d55437f e-con-full e-flex elementor-invisible e-con e-child\" data-id=\"d55437f\" data-element_type=\"container\" data-e-type=\"container\" data-settings=\"{&quot;animation&quot;:&quot;fadeInRight&quot;,&quot;jet_parallax_layout_list&quot;:[]}\">\n\t\t\t\t<div class=\"elementor-element elementor-element-16dacdc de_scroll_animation_no elementor-widget elementor-widget-image\" data-id=\"16dacdc\" data-element_type=\"widget\" data-e-type=\"widget\" data-widget_type=\"image.default\">\n\t\t\t\t\t\t\t\t\t\t\t\t\t\t\t<img decoding=\"async\" width=\"1710\" height=\"2560\" src=\"https:\/\/diegoborges.org\/wp-content\/uploads\/2025\/08\/what-is-left-of-us-scaled.jpeg\" class=\"attachment-full size-full wp-image-574\" alt=\"\" srcset=\"https:\/\/diegoborges.org\/wp-content\/uploads\/2025\/08\/what-is-left-of-us-scaled.jpeg 1710w, https:\/\/diegoborges.org\/wp-content\/uploads\/2025\/08\/what-is-left-of-us-200x300.jpeg 200w, https:\/\/diegoborges.org\/wp-content\/uploads\/2025\/08\/what-is-left-of-us-684x1024.jpeg 684w, https:\/\/diegoborges.org\/wp-content\/uploads\/2025\/08\/what-is-left-of-us-768x1150.jpeg 768w, https:\/\/diegoborges.org\/wp-content\/uploads\/2025\/08\/what-is-left-of-us-1026x1536.jpeg 1026w, https:\/\/diegoborges.org\/wp-content\/uploads\/2025\/08\/what-is-left-of-us-1368x2048.jpeg 1368w\" sizes=\"(max-width: 1710px) 100vw, 1710px\" \/>\t\t\t\t\t\t\t\t\t\t\t\t\t\t\t<\/div>\n\t\t\t\t<\/div>\n\t\t\t\t\t<\/div>\n\t\t\t\t<\/div>\n\t\t<div class=\"elementor-element elementor-element-f03a471 e-flex e-con-boxed e-con e-parent\" data-id=\"f03a471\" data-element_type=\"container\" data-e-type=\"container\" data-settings=\"{&quot;background_background&quot;:&quot;classic&quot;,&quot;jet_parallax_layout_list&quot;:[]}\">\n\t\t\t\t\t<div class=\"e-con-inner\">\n\t\t\t\t<div class=\"elementor-element elementor-element-36019f5 de_scroll_animation_no elementor-widget elementor-widget-text-editor\" data-id=\"36019f5\" data-element_type=\"widget\" data-e-type=\"widget\" data-widget_type=\"text-editor.default\">\n\t\t\t\t\t\t\t\t\t<p>Diego Borges Blog<\/p>\t\t\t\t\t\t\t\t<\/div>\n\t\t\t\t<div class=\"elementor-element elementor-element-ac9645b de_scroll_animation_no elementor-invisible elementor-widget elementor-widget-heading\" data-id=\"ac9645b\" data-element_type=\"widget\" data-e-type=\"widget\" data-settings=\"{&quot;_animation&quot;:&quot;fadeIn&quot;,&quot;_animation_delay&quot;:200}\" data-widget_type=\"heading.default\">\n\t\t\t\t\t<h2 class=\"elementor-heading-title elementor-size-default\">Latest publications<\/h2>\t\t\t\t<\/div>\n\t\t\t\t<div class=\"elementor-element elementor-element-0b7a50d elementor-grid-4 elementor-grid-tablet-2 elementor-grid-mobile-1 elementor-posts--thumbnail-top elementor-card-shadow-yes elementor-posts__hover-gradient de_scroll_animation_no elementor-widget elementor-widget-posts\" data-id=\"0b7a50d\" data-element_type=\"widget\" data-e-type=\"widget\" data-settings=\"{&quot;cards_columns&quot;:&quot;4&quot;,&quot;cards_row_gap&quot;:{&quot;unit&quot;:&quot;px&quot;,&quot;size&quot;:30,&quot;sizes&quot;:[]},&quot;cards_columns_tablet&quot;:&quot;2&quot;,&quot;cards_columns_mobile&quot;:&quot;1&quot;,&quot;cards_row_gap_tablet&quot;:{&quot;unit&quot;:&quot;px&quot;,&quot;size&quot;:&quot;&quot;,&quot;sizes&quot;:[]},&quot;cards_row_gap_mobile&quot;:{&quot;unit&quot;:&quot;px&quot;,&quot;size&quot;:&quot;&quot;,&quot;sizes&quot;:[]}}\" data-widget_type=\"posts.cards\">\n\t\t\t\t<div class=\"elementor-widget-container\">\n\t\t\t\t\t\t\t<div class=\"elementor-posts-container elementor-posts elementor-posts--skin-cards elementor-grid\" role=\"list\">\n\t\t\t\t<article class=\"elementor-post elementor-grid-item post-805 post type-post status-publish format-standard has-post-thumbnail hentry category-filmes\" role=\"listitem\">\n\t\t\t<div class=\"elementor-post__card\">\n\t\t\t\t<a class=\"elementor-post__thumbnail__link\" href=\"https:\/\/diegoborges.org\/en\/blog\/titulo\/\" tabindex=\"-1\" ><div class=\"elementor-post__thumbnail\"><img decoding=\"async\" width=\"200\" height=\"300\" src=\"https:\/\/diegoborges.org\/wp-content\/uploads\/2025\/08\/what-is-left-of-us-200x300.jpeg\" class=\"attachment-medium size-medium wp-image-574\" alt=\"\" srcset=\"https:\/\/diegoborges.org\/wp-content\/uploads\/2025\/08\/what-is-left-of-us-200x300.jpeg 200w, https:\/\/diegoborges.org\/wp-content\/uploads\/2025\/08\/what-is-left-of-us-684x1024.jpeg 684w, https:\/\/diegoborges.org\/wp-content\/uploads\/2025\/08\/what-is-left-of-us-768x1150.jpeg 768w, https:\/\/diegoborges.org\/wp-content\/uploads\/2025\/08\/what-is-left-of-us-1026x1536.jpeg 1026w, https:\/\/diegoborges.org\/wp-content\/uploads\/2025\/08\/what-is-left-of-us-1368x2048.jpeg 1368w, https:\/\/diegoborges.org\/wp-content\/uploads\/2025\/08\/what-is-left-of-us-scaled.jpeg 1710w\" sizes=\"(max-width: 200px) 100vw, 200px\" \/><\/div><\/a>\n\t\t\t\t<div class=\"elementor-post__text\">\n\t\t\t\t<h3 class=\"elementor-post__title\">\n\t\t\t<a href=\"https:\/\/diegoborges.org\/en\/blog\/titulo\/\" >\n\t\t\t\tTitulo\t\t\t<\/a>\n\t\t<\/h3>\n\t\t\t\t<div class=\"elementor-post__excerpt\">\n\t\t\t<p>Artigo aqui teste<\/p>\n\t\t<\/div>\n\t\t\t\t\t<div class=\"elementor-post__read-more-wrapper\">\n\t\t\n\t\t<a class=\"elementor-post__read-more\" href=\"https:\/\/diegoborges.org\/en\/blog\/titulo\/\" aria-label=\"Read more about Titulo\" tabindex=\"-1\" >\n\t\t\tContinuar lendo \u00bb\t\t<\/a>\n\n\t\t\t\t\t<\/div>\n\t\t\t\t<\/div>\n\t\t\t\t<div class=\"elementor-post__meta-data\">\n\t\t\t\t\t<span class=\"elementor-post-author\">\n\t\t\tDiego\t\t<\/span>\n\t\t\t\t<span class=\"elementor-post-date\">\n\t\t\tDecember 17, 2025\t\t<\/span>\n\t\t\t\t<\/div>\n\t\t\t\t\t<\/div>\n\t\t<\/article>\n\t\t\t\t<\/div>\n\t\t\n\t\t\t\t\t\t<\/div>\n\t\t\t\t<\/div>\n\t\t\t\t<div class=\"elementor-element elementor-element-0774ae6 elementor-align-center de_scroll_animation_no elementor-widget elementor-widget-button\" data-id=\"0774ae6\" data-element_type=\"widget\" data-e-type=\"widget\" data-widget_type=\"button.default\">\n\t\t\t\t\t\t\t\t\t\t<a class=\"elementor-button elementor-button-link elementor-size-sm elementor-animation-float\" href=\"https:\/\/diegoborges.org\/en\/loja\/\">\n\t\t\t\t\t\t<span class=\"elementor-button-content-wrapper\">\n\t\t\t\t\t\t\t\t\t<span class=\"elementor-button-text\">Access Diego Borges Blog<\/span>\n\t\t\t\t\t<\/span>\n\t\t\t\t\t<\/a>\n\t\t\t\t\t\t\t\t<\/div>\n\t\t\t\t\t<\/div>\n\t\t\t\t<\/div>\n\t\t\t\t<\/div>","protected":false},"excerpt":{"rendered":"<p>Diego Borges Trag\u00e9diaConfrontoReden\u00e7\u00e3o &#8220;Uma palavra de verdade, apesar do fingimento, do ardor evanescente, da cont\u00ednua distra\u00e7\u00e3o.&#8221; Diego Borges Escritor. Cineasta. Dramaturgo. Diego Borges \u00e9 escritor e cineasta. Seu portf\u00f3lio inclui livros, filmes e pe\u00e7as teatrais de sua autoria. Lan\u00e7amento! WHAT IS LEFT OF US Informa\u00e7\u00f5es Um homem se v\u00ea diante do Diabo, que o arrasta [&hellip;]<\/p>\n","protected":false},"author":1,"featured_media":0,"parent":0,"menu_order":0,"comment_status":"closed","ping_status":"closed","template":"","meta":{"footnotes":""},"class_list":["post-79","page","type-page","status-publish","hentry"],"yoast_head":"<!-- This site is optimized with the Yoast SEO plugin v27.4 - https:\/\/yoast.com\/product\/yoast-seo-wordpress\/ -->\n<title>Home - Diego Borges<\/title>\n<meta name=\"robots\" content=\"index, follow, max-snippet:-1, max-image-preview:large, max-video-preview:-1\" \/>\n<link rel=\"canonical\" href=\"https:\/\/diegoborges.org\/en\/\" \/>\n<meta property=\"og:locale\" content=\"en_US\" \/>\n<meta property=\"og:type\" content=\"article\" \/>\n<meta property=\"og:title\" content=\"Home - Diego Borges\" \/>\n<meta property=\"og:description\" content=\"Diego Borges Trag\u00e9diaConfrontoReden\u00e7\u00e3o &#8220;Uma palavra de verdade, apesar do fingimento, do ardor evanescente, da cont\u00ednua distra\u00e7\u00e3o.&#8221; Diego Borges Escritor. Cineasta. Dramaturgo. Diego Borges \u00e9 escritor e cineasta. Seu portf\u00f3lio inclui livros, filmes e pe\u00e7as teatrais de sua autoria. Lan\u00e7amento! WHAT IS LEFT OF US Informa\u00e7\u00f5es Um homem se v\u00ea diante do Diabo, que o arrasta [&hellip;]\" \/>\n<meta property=\"og:url\" content=\"https:\/\/diegoborges.org\/en\/\" \/>\n<meta property=\"og:site_name\" content=\"Diego Borges\" \/>\n<meta property=\"article:modified_time\" content=\"2026-01-24T20:07:35+00:00\" \/>\n<meta property=\"og:image\" content=\"https:\/\/diegoborges.org\/wp-content\/uploads\/2025\/07\/diego.png\" \/>\n\t<meta property=\"og:image:width\" content=\"680\" \/>\n\t<meta property=\"og:image:height\" content=\"711\" \/>\n\t<meta property=\"og:image:type\" content=\"image\/png\" \/>\n<meta name=\"twitter:card\" content=\"summary_large_image\" \/>\n<meta name=\"twitter:label1\" content=\"Est. reading time\" \/>\n\t<meta name=\"twitter:data1\" content=\"1 minute\" \/>\n<script type=\"application\/ld+json\" class=\"yoast-schema-graph\">{\"@context\":\"https:\\\/\\\/schema.org\",\"@graph\":[{\"@type\":\"WebPage\",\"@id\":\"https:\\\/\\\/diegoborges.org\\\/\",\"url\":\"https:\\\/\\\/diegoborges.org\\\/\",\"name\":\"Home - Diego Borges\",\"isPartOf\":{\"@id\":\"https:\\\/\\\/diegoborges.org\\\/#website\"},\"primaryImageOfPage\":{\"@id\":\"https:\\\/\\\/diegoborges.org\\\/#primaryimage\"},\"image\":{\"@id\":\"https:\\\/\\\/diegoborges.org\\\/#primaryimage\"},\"thumbnailUrl\":\"https:\\\/\\\/diegoborges.org\\\/wp-content\\\/uploads\\\/2025\\\/07\\\/diego.png\",\"datePublished\":\"2025-07-23T20:20:19+00:00\",\"dateModified\":\"2026-01-24T20:07:35+00:00\",\"breadcrumb\":{\"@id\":\"https:\\\/\\\/diegoborges.org\\\/#breadcrumb\"},\"inLanguage\":\"en-US\",\"potentialAction\":[{\"@type\":\"ReadAction\",\"target\":[\"https:\\\/\\\/diegoborges.org\\\/\"]}]},{\"@type\":\"ImageObject\",\"inLanguage\":\"en-US\",\"@id\":\"https:\\\/\\\/diegoborges.org\\\/#primaryimage\",\"url\":\"https:\\\/\\\/diegoborges.org\\\/wp-content\\\/uploads\\\/2025\\\/07\\\/diego.png\",\"contentUrl\":\"https:\\\/\\\/diegoborges.org\\\/wp-content\\\/uploads\\\/2025\\\/07\\\/diego.png\"},{\"@type\":\"BreadcrumbList\",\"@id\":\"https:\\\/\\\/diegoborges.org\\\/#breadcrumb\",\"itemListElement\":[{\"@type\":\"ListItem\",\"position\":1,\"name\":\"In\u00edcio\",\"item\":\"https:\\\/\\\/diegoborges.org\\\/\"},{\"@type\":\"ListItem\",\"position\":2,\"name\":\"Home\"}]},{\"@type\":\"WebSite\",\"@id\":\"https:\\\/\\\/diegoborges.org\\\/#website\",\"url\":\"https:\\\/\\\/diegoborges.org\\\/\",\"name\":\"Diego Borges\",\"description\":\"\",\"potentialAction\":[{\"@type\":\"SearchAction\",\"target\":{\"@type\":\"EntryPoint\",\"urlTemplate\":\"https:\\\/\\\/diegoborges.org\\\/?s={search_term_string}\"},\"query-input\":{\"@type\":\"PropertyValueSpecification\",\"valueRequired\":true,\"valueName\":\"search_term_string\"}}],\"inLanguage\":\"en-US\"}]}<\/script>\n<!-- \/ Yoast SEO plugin. -->","yoast_head_json":{"title":"Home - Diego Borges","robots":{"index":"index","follow":"follow","max-snippet":"max-snippet:-1","max-image-preview":"max-image-preview:large","max-video-preview":"max-video-preview:-1"},"canonical":"https:\/\/diegoborges.org\/en\/","og_locale":"en_US","og_type":"article","og_title":"Home - Diego Borges","og_description":"Diego Borges Trag\u00e9diaConfrontoReden\u00e7\u00e3o &#8220;Uma palavra de verdade, apesar do fingimento, do ardor evanescente, da cont\u00ednua distra\u00e7\u00e3o.&#8221; Diego Borges Escritor. Cineasta. Dramaturgo. Diego Borges \u00e9 escritor e cineasta. Seu portf\u00f3lio inclui livros, filmes e pe\u00e7as teatrais de sua autoria. Lan\u00e7amento! WHAT IS LEFT OF US Informa\u00e7\u00f5es Um homem se v\u00ea diante do Diabo, que o arrasta [&hellip;]","og_url":"https:\/\/diegoborges.org\/en\/","og_site_name":"Diego Borges","article_modified_time":"2026-01-24T20:07:35+00:00","og_image":[{"width":680,"height":711,"url":"https:\/\/diegoborges.org\/wp-content\/uploads\/2025\/07\/diego.png","type":"image\/png"}],"twitter_card":"summary_large_image","twitter_misc":{"Est. reading time":"1 minute"},"schema":{"@context":"https:\/\/schema.org","@graph":[{"@type":"WebPage","@id":"https:\/\/diegoborges.org\/","url":"https:\/\/diegoborges.org\/","name":"Home - Diego Borges","isPartOf":{"@id":"https:\/\/diegoborges.org\/#website"},"primaryImageOfPage":{"@id":"https:\/\/diegoborges.org\/#primaryimage"},"image":{"@id":"https:\/\/diegoborges.org\/#primaryimage"},"thumbnailUrl":"https:\/\/diegoborges.org\/wp-content\/uploads\/2025\/07\/diego.png","datePublished":"2025-07-23T20:20:19+00:00","dateModified":"2026-01-24T20:07:35+00:00","breadcrumb":{"@id":"https:\/\/diegoborges.org\/#breadcrumb"},"inLanguage":"en-US","potentialAction":[{"@type":"ReadAction","target":["https:\/\/diegoborges.org\/"]}]},{"@type":"ImageObject","inLanguage":"en-US","@id":"https:\/\/diegoborges.org\/#primaryimage","url":"https:\/\/diegoborges.org\/wp-content\/uploads\/2025\/07\/diego.png","contentUrl":"https:\/\/diegoborges.org\/wp-content\/uploads\/2025\/07\/diego.png"},{"@type":"BreadcrumbList","@id":"https:\/\/diegoborges.org\/#breadcrumb","itemListElement":[{"@type":"ListItem","position":1,"name":"In\u00edcio","item":"https:\/\/diegoborges.org\/"},{"@type":"ListItem","position":2,"name":"Home"}]},{"@type":"WebSite","@id":"https:\/\/diegoborges.org\/#website","url":"https:\/\/diegoborges.org\/","name":"Diego Borges","description":"","potentialAction":[{"@type":"SearchAction","target":{"@type":"EntryPoint","urlTemplate":"https:\/\/diegoborges.org\/?s={search_term_string}"},"query-input":{"@type":"PropertyValueSpecification","valueRequired":true,"valueName":"search_term_string"}}],"inLanguage":"en-US"}]}},"_links":{"self":[{"href":"https:\/\/diegoborges.org\/en\/wp-json\/wp\/v2\/pages\/79","targetHints":{"allow":["GET"]}}],"collection":[{"href":"https:\/\/diegoborges.org\/en\/wp-json\/wp\/v2\/pages"}],"about":[{"href":"https:\/\/diegoborges.org\/en\/wp-json\/wp\/v2\/types\/page"}],"author":[{"embeddable":true,"href":"https:\/\/diegoborges.org\/en\/wp-json\/wp\/v2\/users\/1"}],"replies":[{"embeddable":true,"href":"https:\/\/diegoborges.org\/en\/wp-json\/wp\/v2\/comments?post=79"}],"version-history":[{"count":172,"href":"https:\/\/diegoborges.org\/en\/wp-json\/wp\/v2\/pages\/79\/revisions"}],"predecessor-version":[{"id":861,"href":"https:\/\/diegoborges.org\/en\/wp-json\/wp\/v2\/pages\/79\/revisions\/861"}],"wp:attachment":[{"href":"https:\/\/diegoborges.org\/en\/wp-json\/wp\/v2\/media?parent=79"}],"curies":[{"name":"wp","href":"https:\/\/api.w.org\/{rel}","templated":true}]}}